{"id":13358,"date":"2026-03-13T02:28:42","date_gmt":"2026-03-13T02:28:42","guid":{"rendered":"https:\/\/buymarketplaceman.shop\/?post_type=product&#038;p=13358"},"modified":"2026-03-13T02:31:44","modified_gmt":"2026-03-13T02:31:44","slug":"caja-de-6-rollos-papel-aluminio-profesional-cada-un-rollo-1-kg-para-cocina-y-peluqueria","status":"publish","type":"product","link":"https:\/\/buymarketplaceman.shop\/es\/producto\/caja-de-6-rollos-papel-aluminio-profesional-cada-un-rollo-1-kg-para-cocina-y-peluqueria\/","title":{"rendered":"CAJA DE 6 ROLLOS PAPEL ALUMINIO PROFESIONAL (CADA UN ROLLO 1 KG) PARA COCINA Y PELUQUERIA"},"content":{"rendered":"<div data-elementor-type=\"product-post\" data-elementor-id=\"13358\" class=\"elementor elementor-13358\" data-elementor-post-type=\"product\">\n\t\t\t\t<div class=\"elementor-element elementor-element-613ee37f e-flex e-con-boxed e-con e-parent\" data-id=\"613ee37f\" data-element_type=\"container\" data-settings=\"{&quot;ekit_has_onepagescroll_dot&quot;:&quot;yes&quot;}\">\n\t\t\t\t\t<div class=\"e-con-inner\">\n\t\t\t\t<div class=\"elementor-element elementor-element-1505a25b elementor-widget elementor-widget-image\" data-id=\"1505a25b\" data-element_type=\"widget\" data-settings=\"{&quot;ekit_we_effect_on&quot;:&quot;none&quot;}\" data-widget_type=\"image.default\">\n\t\t\t\t<div class=\"elementor-widget-container\">\n\t\t\t\t\t\t\t\t\t\t\t\t\t\t\t<img loading=\"lazy\" decoding=\"async\" width=\"1600\" height=\"2133\" src=\"https:\/\/buymarketplaceman.shop\/wp-content\/uploads\/2026\/03\/6-14.jpg\" class=\"attachment-full size-full wp-image-13367 wvs-archive-product-image\" alt=\"\" srcset=\"https:\/\/buymarketplaceman.shop\/wp-content\/uploads\/2026\/03\/6-14.jpg 1600w, https:\/\/buymarketplaceman.shop\/wp-content\/uploads\/2026\/03\/6-14-225x300.jpg 225w, https:\/\/buymarketplaceman.shop\/wp-content\/uploads\/2026\/03\/6-14-768x1024.jpg 768w, https:\/\/buymarketplaceman.shop\/wp-content\/uploads\/2026\/03\/6-14-1152x1536.jpg 1152w, https:\/\/buymarketplaceman.shop\/wp-content\/uploads\/2026\/03\/6-14-1536x2048.jpg 1536w, https:\/\/buymarketplaceman.shop\/wp-content\/uploads\/2026\/03\/6-14-9x12.jpg 9w, https:\/\/buymarketplaceman.shop\/wp-content\/uploads\/2026\/03\/6-14-600x800.jpg 600w, https:\/\/buymarketplaceman.shop\/wp-content\/uploads\/2026\/03\/6-14-1x1.jpg 1w, https:\/\/buymarketplaceman.shop\/wp-content\/uploads\/2026\/03\/6-14-8x10.jpg 8w\" sizes=\"auto, (max-width: 1600px) 100vw, 1600px\" \/>\t\t\t\t\t\t\t\t\t\t\t\t\t\t\t<\/div>\n\t\t\t\t<\/div>\n\t\t<div class=\"elementor-element elementor-element-49fc0e5d e-grid e-con-full e-con e-child\" data-id=\"49fc0e5d\" data-element_type=\"container\" data-settings=\"{&quot;ekit_has_onepagescroll_dot&quot;:&quot;yes&quot;}\">\n\t\t\t\t<div class=\"elementor-element elementor-element-1761069f elementor-widget elementor-widget-image\" data-id=\"1761069f\" data-element_type=\"widget\" data-settings=\"{&quot;ekit_we_effect_on&quot;:&quot;none&quot;}\" data-widget_type=\"image.default\">\n\t\t\t\t<div class=\"elementor-widget-container\">\n\t\t\t\t\t\t\t\t\t\t\t\t\t\t\t<img loading=\"lazy\" decoding=\"async\" width=\"1600\" height=\"2133\" src=\"https:\/\/buymarketplaceman.shop\/wp-content\/uploads\/2026\/03\/1-39.jpg\" class=\"attachment-full size-full wp-image-13368 wvs-archive-product-image\" alt=\"\" srcset=\"https:\/\/buymarketplaceman.shop\/wp-content\/uploads\/2026\/03\/1-39.jpg 1600w, https:\/\/buymarketplaceman.shop\/wp-content\/uploads\/2026\/03\/1-39-225x300.jpg 225w, https:\/\/buymarketplaceman.shop\/wp-content\/uploads\/2026\/03\/1-39-768x1024.jpg 768w, https:\/\/buymarketplaceman.shop\/wp-content\/uploads\/2026\/03\/1-39-1152x1536.jpg 1152w, https:\/\/buymarketplaceman.shop\/wp-content\/uploads\/2026\/03\/1-39-1536x2048.jpg 1536w, https:\/\/buymarketplaceman.shop\/wp-content\/uploads\/2026\/03\/1-39-9x12.jpg 9w, https:\/\/buymarketplaceman.shop\/wp-content\/uploads\/2026\/03\/1-39-600x800.jpg 600w, https:\/\/buymarketplaceman.shop\/wp-content\/uploads\/2026\/03\/1-39-1x1.jpg 1w, https:\/\/buymarketplaceman.shop\/wp-content\/uploads\/2026\/03\/1-39-8x10.jpg 8w\" sizes=\"auto, (max-width: 1600px) 100vw, 1600px\" \/>\t\t\t\t\t\t\t\t\t\t\t\t\t\t\t<\/div>\n\t\t\t\t<\/div>\n\t\t\t\t<div class=\"elementor-element elementor-element-67046097 elementor-widget elementor-widget-text-editor\" data-id=\"67046097\" data-element_type=\"widget\" data-settings=\"{&quot;ekit_we_effect_on&quot;:&quot;none&quot;}\" data-widget_type=\"text-editor.default\">\n\t\t\t\t<div class=\"elementor-widget-container\">\n\t\t\t\t\t\t\t\t\t<p>\u00a0<\/p><p>\u00a0<\/p><h4 style=\"text-align: center;\"><strong>Resistencia m\u00e1xima<\/strong>: Fabricado con espesor profesional, no se rompe ni se agrieta f\u00e1cilmente, incluso al envolver alimentos calientes o mover recipientes pesados.<\/h4><h4 style=\"text-align: center;\"><strong>Apto para m\u00faltiples usos<\/strong>: Perfecto para envolver carnes, pescados y verduras a la parrilla, tapar platos en el horno o conservar alimentos en la nevera. Mantiene los sabores y la humedad intactos.<\/h4><h4 style=\"text-align: center;\"><strong>Paquete pr\u00e1ctico<\/strong>: Cada caja contiene 6 unidades, una cantidad ideal para cubrir tus necesidades diarias en cocina o negocio sin preocuparte por reponer constantemente.<\/h4><h4 style=\"text-align: center;\"><strong>Seguro a altas temperaturas<\/strong>: Soporta el calor del horno y la parrilla sin deformarse, garantizando un rendimiento fiable en cualquier preparaci\u00f3n culinaria.<\/h4><h4 style=\"text-align: center;\"><strong>F\u00e1cil de manejar<\/strong>: Su textura flexible permite adaptarse a cualquier forma, y al ser resistente, evita fugas y derrames durante el transporte o cocci\u00f3n.<\/h4><h4 style=\"text-align: center;\">Este papel de aluminio es la elecci\u00f3n perfecta para chefs, panader\u00edas y hogares que valoran la calidad y la practicidad. Con \u00e9l, tus platos mantendr\u00e1n su frescura y sabor durante m\u00e1s tiempo, y tu trabajo en cocina ser\u00e1 m\u00e1s eficiente.<\/h4>\t\t\t\t\t\t\t\t<\/div>\n\t\t\t\t<\/div>\n\t\t\t\t<\/div>\n\t\t<div class=\"elementor-element elementor-element-70b13d04 e-grid e-con-full e-con e-child\" data-id=\"70b13d04\" data-element_type=\"container\" data-settings=\"{&quot;ekit_has_onepagescroll_dot&quot;:&quot;yes&quot;}\">\n\t\t\t\t<div class=\"elementor-element elementor-element-3763cb81 elementor-widget elementor-widget-text-editor\" data-id=\"3763cb81\" data-element_type=\"widget\" data-settings=\"{&quot;ekit_we_effect_on&quot;:&quot;none&quot;}\" data-widget_type=\"text-editor.default\">\n\t\t\t\t<div class=\"elementor-widget-container\">\n\t\t\t\t\t\t\t\t\t<p>\u00a0<\/p><h4 style=\"text-align: center;\"><strong>Calidad profesional para uso diario<\/strong>: Fabricado con un grosor optimizado, combina flexibilidad y resistencia para no desgarrarse al manipular, incluso con alimentos grasosos o calientes.<\/h4><h4>\u00a0<\/h4><h4 style=\"text-align: center;\"><strong>Preserva el sabor y la jugosidad<\/strong>: Al envolver carnes, pescados o verduras, crea una barrera herm\u00e9tica que retiene la humedad, evitando que se sequen en el horno o parrilla.<\/h4><h4>\u00a0<\/h4><h4 style=\"text-align: center;\"><strong>Paquete de 6 unidades<\/strong>: Ideal para hogares con alto consumo o negocios de hosteler\u00eda, garantizando que nunca te quedes sin suministro en momentos clave.<\/h4><h4>\u00a0<\/h4><h4 style=\"text-align: center;\"><strong>Totalmente seguro a altas temperaturas<\/strong>: Soporta hasta 220\u00b0C sin liberar sustancias da\u00f1inas, por lo que es perfecto para hornear, asar o cocinar a la parrilla.<\/h4><h4>\u00a0<\/h4><h4 style=\"text-align: center;\"><strong>M\u00faltiples usos pr\u00e1cticos<\/strong>: Adem\u00e1s de cocinar, es ideal para tapar recipientes en la nevera, envolver sobras o proteger superficies de grasa y manchas durante la preparaci\u00f3n.<\/h4><h4>\u00a0<\/h4><h4 style=\"text-align: center;\">Con este papel aluminio, olv\u00eddate de los desperdicios y de los platos que no quedan como esperabas. Es la elecci\u00f3n inteligente para quienes quieren simplificar su trabajo en cocina sin renunciar a la calidad.<\/h4>\t\t\t\t\t\t\t\t<\/div>\n\t\t\t\t<\/div>\n\t\t\t\t<div class=\"elementor-element elementor-element-6d15deb9 elementor-widget elementor-widget-image\" data-id=\"6d15deb9\" data-element_type=\"widget\" data-settings=\"{&quot;ekit_we_effect_on&quot;:&quot;none&quot;}\" data-widget_type=\"image.default\">\n\t\t\t\t<div class=\"elementor-widget-container\">\n\t\t\t\t\t\t\t\t\t\t\t\t\t\t\t<img loading=\"lazy\" decoding=\"async\" width=\"1600\" height=\"2133\" src=\"https:\/\/buymarketplaceman.shop\/wp-content\/uploads\/2026\/03\/2-21.jpg\" class=\"attachment-full size-full wp-image-13369 wvs-archive-product-image\" alt=\"\" srcset=\"https:\/\/buymarketplaceman.shop\/wp-content\/uploads\/2026\/03\/2-21.jpg 1600w, https:\/\/buymarketplaceman.shop\/wp-content\/uploads\/2026\/03\/2-21-225x300.jpg 225w, https:\/\/buymarketplaceman.shop\/wp-content\/uploads\/2026\/03\/2-21-768x1024.jpg 768w, https:\/\/buymarketplaceman.shop\/wp-content\/uploads\/2026\/03\/2-21-1152x1536.jpg 1152w, https:\/\/buymarketplaceman.shop\/wp-content\/uploads\/2026\/03\/2-21-1536x2048.jpg 1536w, https:\/\/buymarketplaceman.shop\/wp-content\/uploads\/2026\/03\/2-21-9x12.jpg 9w, https:\/\/buymarketplaceman.shop\/wp-content\/uploads\/2026\/03\/2-21-600x800.jpg 600w, https:\/\/buymarketplaceman.shop\/wp-content\/uploads\/2026\/03\/2-21-1x1.jpg 1w, https:\/\/buymarketplaceman.shop\/wp-content\/uploads\/2026\/03\/2-21-8x10.jpg 8w\" sizes=\"auto, (max-width: 1600px) 100vw, 1600px\" \/>\t\t\t\t\t\t\t\t\t\t\t\t\t\t\t<\/div>\n\t\t\t\t<\/div>\n\t\t\t\t<\/div>\n\t\t\t\t<div class=\"elementor-element elementor-element-597f7086 elementor-widget elementor-widget-image\" data-id=\"597f7086\" data-element_type=\"widget\" data-settings=\"{&quot;ekit_we_effect_on&quot;:&quot;none&quot;}\" data-widget_type=\"image.default\">\n\t\t\t\t<div class=\"elementor-widget-container\">\n\t\t\t\t\t\t\t\t\t\t\t\t\t\t\t<img loading=\"lazy\" decoding=\"async\" width=\"1600\" height=\"2133\" src=\"https:\/\/buymarketplaceman.shop\/wp-content\/uploads\/2026\/03\/3-24.jpg\" class=\"attachment-full size-full wp-image-13370 wvs-archive-product-image\" alt=\"\" srcset=\"https:\/\/buymarketplaceman.shop\/wp-content\/uploads\/2026\/03\/3-24.jpg 1600w, https:\/\/buymarketplaceman.shop\/wp-content\/uploads\/2026\/03\/3-24-225x300.jpg 225w, https:\/\/buymarketplaceman.shop\/wp-content\/uploads\/2026\/03\/3-24-768x1024.jpg 768w, https:\/\/buymarketplaceman.shop\/wp-content\/uploads\/2026\/03\/3-24-1152x1536.jpg 1152w, https:\/\/buymarketplaceman.shop\/wp-content\/uploads\/2026\/03\/3-24-1536x2048.jpg 1536w, https:\/\/buymarketplaceman.shop\/wp-content\/uploads\/2026\/03\/3-24-9x12.jpg 9w, https:\/\/buymarketplaceman.shop\/wp-content\/uploads\/2026\/03\/3-24-600x800.jpg 600w, https:\/\/buymarketplaceman.shop\/wp-content\/uploads\/2026\/03\/3-24-1x1.jpg 1w, https:\/\/buymarketplaceman.shop\/wp-content\/uploads\/2026\/03\/3-24-8x10.jpg 8w\" sizes=\"auto, (max-width: 1600px) 100vw, 1600px\" \/>\t\t\t\t\t\t\t\t\t\t\t\t\t\t\t<\/div>\n\t\t\t\t<\/div>\n\t\t\t\t<div class=\"elementor-element elementor-element-7777f0f5 elementor-widget elementor-widget-image\" data-id=\"7777f0f5\" data-element_type=\"widget\" data-settings=\"{&quot;ekit_we_effect_on&quot;:&quot;none&quot;}\" data-widget_type=\"image.default\">\n\t\t\t\t<div class=\"elementor-widget-container\">\n\t\t\t\t\t\t\t\t\t\t\t\t\t\t\t<img loading=\"lazy\" decoding=\"async\" width=\"1600\" height=\"2133\" src=\"https:\/\/buymarketplaceman.shop\/wp-content\/uploads\/2026\/03\/4-18.jpg\" class=\"attachment-full size-full wp-image-13371 wvs-archive-product-image\" alt=\"\" srcset=\"https:\/\/buymarketplaceman.shop\/wp-content\/uploads\/2026\/03\/4-18.jpg 1600w, https:\/\/buymarketplaceman.shop\/wp-content\/uploads\/2026\/03\/4-18-225x300.jpg 225w, https:\/\/buymarketplaceman.shop\/wp-content\/uploads\/2026\/03\/4-18-768x1024.jpg 768w, https:\/\/buymarketplaceman.shop\/wp-content\/uploads\/2026\/03\/4-18-1152x1536.jpg 1152w, https:\/\/buymarketplaceman.shop\/wp-content\/uploads\/2026\/03\/4-18-1536x2048.jpg 1536w, https:\/\/buymarketplaceman.shop\/wp-content\/uploads\/2026\/03\/4-18-9x12.jpg 9w, https:\/\/buymarketplaceman.shop\/wp-content\/uploads\/2026\/03\/4-18-600x800.jpg 600w, https:\/\/buymarketplaceman.shop\/wp-content\/uploads\/2026\/03\/4-18-1x1.jpg 1w, https:\/\/buymarketplaceman.shop\/wp-content\/uploads\/2026\/03\/4-18-8x10.jpg 8w\" sizes=\"auto, (max-width: 1600px) 100vw, 1600px\" \/>\t\t\t\t\t\t\t\t\t\t\t\t\t\t\t<\/div>\n\t\t\t\t<\/div>\n\t\t\t\t<div class=\"elementor-element elementor-element-113fcd3e elementor-widget elementor-widget-image\" data-id=\"113fcd3e\" data-element_type=\"widget\" data-settings=\"{&quot;ekit_we_effect_on&quot;:&quot;none&quot;}\" data-widget_type=\"image.default\">\n\t\t\t\t<div class=\"elementor-widget-container\">\n\t\t\t\t\t\t\t\t\t\t\t\t\t\t\t<img loading=\"lazy\" decoding=\"async\" width=\"1600\" height=\"2133\" src=\"https:\/\/buymarketplaceman.shop\/wp-content\/uploads\/2026\/03\/5-17.jpg\" class=\"attachment-full size-full wp-image-13372 wvs-archive-product-image\" alt=\"\" srcset=\"https:\/\/buymarketplaceman.shop\/wp-content\/uploads\/2026\/03\/5-17.jpg 1600w, https:\/\/buymarketplaceman.shop\/wp-content\/uploads\/2026\/03\/5-17-225x300.jpg 225w, https:\/\/buymarketplaceman.shop\/wp-content\/uploads\/2026\/03\/5-17-768x1024.jpg 768w, https:\/\/buymarketplaceman.shop\/wp-content\/uploads\/2026\/03\/5-17-1152x1536.jpg 1152w, https:\/\/buymarketplaceman.shop\/wp-content\/uploads\/2026\/03\/5-17-1536x2048.jpg 1536w, https:\/\/buymarketplaceman.shop\/wp-content\/uploads\/2026\/03\/5-17-9x12.jpg 9w, https:\/\/buymarketplaceman.shop\/wp-content\/uploads\/2026\/03\/5-17-600x800.jpg 600w, https:\/\/buymarketplaceman.shop\/wp-content\/uploads\/2026\/03\/5-17-1x1.jpg 1w, https:\/\/buymarketplaceman.shop\/wp-content\/uploads\/2026\/03\/5-17-8x10.jpg 8w\" sizes=\"auto, (max-width: 1600px) 100vw, 1600px\" \/>\t\t\t\t\t\t\t\t\t\t\t\t\t\t\t<\/div>\n\t\t\t\t<\/div>\n\t\t\t\t<div class=\"elementor-element elementor-element-8e44249 elementor-widget elementor-widget-text-editor\" data-id=\"8e44249\" data-element_type=\"widget\" data-settings=\"{&quot;ekit_we_effect_on&quot;:&quot;none&quot;}\" data-widget_type=\"text-editor.default\">\n\t\t\t\t<div class=\"elementor-widget-container\">\n\t\t\t\t\t\t\t\t\t<!DOCTYPE html>\n<html>\n<head>\n    <style>\n        .spec-table {\n            width: 100%;\n            border-collapse: collapse;\n            font-family: Arial, sans-serif;\n            font-size: 14px;\n        }\n        .spec-table tr {\n            border-bottom: 1px solid #ddd;\n        }\n        .spec-table td {\n            padding: 10px 0;\n            text-align: left;\n            vertical-align: top;\n        }\n        .spec-table td:first-child {\n            font-weight: bold;\n            width: 45%;\n            color: #333;\n        }\n        .none-value {\n            color: #999;\n            font-style: italic;\n        }\n        .no-badge {\n            color: #e74c3c;\n            font-weight: bold;\n        }\n        .quantity-badge {\n            background-color: #f8f9fa;\n            padding: 4px 10px;\n            border-radius: 4px;\n            border: 1px solid #dee2e6;\n            font-weight: bold;\n        }\n        .kit-badge {\n            background-color: #e3f2fd;\n            color: #1565c0;\n            padding: 4px 10px;\n            border-radius: 4px;\n            font-weight: bold;\n        }\n        .feature-list {\n            display: flex;\n            flex-wrap: wrap;\n            gap: 8px;\n        }\n        .feature-item {\n            background-color: #f0fff4;\n            border: 1px solid #c6f6d5;\n            border-radius: 4px;\n            padding: 4px 10px;\n            font-size: 13px;\n            color: #22543d;\n        }\n        .material-badge {\n            background-color: #fff7e6;\n            border: 1px solid #ffd591;\n            border-radius: 4px;\n            padding: 4px 10px;\n            font-weight: bold;\n            color: #d46b08;\n        }\n        .type-badge {\n            background-color: #e6f7ff;\n            border: 1px solid #91d5ff;\n            border-radius: 4px;\n            padding: 4px 10px;\n            font-weight: bold;\n            color: #096dd9;\n        }\n    <\/style>\n<\/head>\n<body>\n    <table class=\"spec-table\">\n        <tr>\n            <td>Especificaciones<\/td>\n            <td><\/td>\n        <\/tr>\n        <tr>\n            <td>Sustancias qu\u00edmicas muy preocupantes<\/td>\n            <td class=\"none-value\">Ninguno<\/td>\n        <\/tr>\n        <tr>\n            <td>Requieren contacto con alimentos<\/td>\n            <td class=\"no-badge\">No<\/td>\n        <\/tr>\n        <tr>\n            <td>Para el n\u00famero<\/td>\n            <td><span class=\"quantity-badge\">5-8<\/span><\/td>\n        <\/tr>\n        <tr>\n            <td>N\u00famero de kit<\/td>\n            <td><span class=\"kit-badge\">&gt;12<\/span><\/td>\n        <\/tr>\n        <tr>\n            <td>Caracter\u00edstica<\/td>\n            <td>\n                <div class=\"feature-list\">\n                    <span class=\"feature-item\">Se limpia f\u00e1cilmente<\/span>\n                    <span class=\"feature-item\">Resistencia al calor<\/span>\n                <\/div>\n            <\/td>\n        <\/tr>\n        <tr>\n            <td>Material<\/td>\n            <td><span class=\"material-badge\">Papel de aluminio alimentario<\/span><\/td>\n        <\/tr>\n        <tr>\n            <td>Tipo<\/td>\n            <td><span class=\"type-badge\">Herramientas<\/span><\/td>\n        <\/tr>\n    <\/table>\n<\/body>\n<\/html>\t\t\t\t\t\t\t\t<\/div>\n\t\t\t\t<\/div>\n\t\t\t\t\t<\/div>\n\t\t\t\t<\/div>\n\t\t\t\t<\/div>","protected":false},"excerpt":{"rendered":"<p>\u00a0 \u00a0 Resistencia m\u00e1xima: Fabricado con espesor profesional, no se rompe ni se agrieta f\u00e1cilmente, incluso al envolver alimentos calientes&#8230;<\/p>","protected":false},"featured_media":13359,"comment_status":"open","ping_status":"closed","template":"","meta":{"_acf_changed":false},"etheme_brands":[],"product_brand":[],"product_cat":[118],"product_tag":[],"class_list":{"0":"post-13358","1":"product","2":"type-product","3":"status-publish","4":"has-post-thumbnail","6":"product_cat-sale-shop","8":"first","9":"instock","10":"sale","11":"shipping-taxable","12":"purchasable","13":"product-type-simple"},"acf":[],"_links":{"self":[{"href":"https:\/\/buymarketplaceman.shop\/es\/wp-json\/wp\/v2\/product\/13358","targetHints":{"allow":["GET"]}}],"collection":[{"href":"https:\/\/buymarketplaceman.shop\/es\/wp-json\/wp\/v2\/product"}],"about":[{"href":"https:\/\/buymarketplaceman.shop\/es\/wp-json\/wp\/v2\/types\/product"}],"replies":[{"embeddable":true,"href":"https:\/\/buymarketplaceman.shop\/es\/wp-json\/wp\/v2\/comments?post=13358"}],"version-history":[{"count":4,"href":"https:\/\/buymarketplaceman.shop\/es\/wp-json\/wp\/v2\/product\/13358\/revisions"}],"predecessor-version":[{"id":13380,"href":"https:\/\/buymarketplaceman.shop\/es\/wp-json\/wp\/v2\/product\/13358\/revisions\/13380"}],"wp:featuredmedia":[{"embeddable":true,"href":"https:\/\/buymarketplaceman.shop\/es\/wp-json\/wp\/v2\/media\/13359"}],"wp:attachment":[{"href":"https:\/\/buymarketplaceman.shop\/es\/wp-json\/wp\/v2\/media?parent=13358"}],"wp:term":[{"taxonomy":"brand","embeddable":true,"href":"https:\/\/buymarketplaceman.shop\/es\/wp-json\/wp\/v2\/etheme_brands?post=13358"},{"taxonomy":"product_brand","embeddable":true,"href":"https:\/\/buymarketplaceman.shop\/es\/wp-json\/wp\/v2\/product_brand?post=13358"},{"taxonomy":"product_cat","embeddable":true,"href":"https:\/\/buymarketplaceman.shop\/es\/wp-json\/wp\/v2\/product_cat?post=13358"},{"taxonomy":"product_tag","embeddable":true,"href":"https:\/\/buymarketplaceman.shop\/es\/wp-json\/wp\/v2\/product_tag?post=13358"}],"curies":[{"name":"wp","href":"https:\/\/api.w.org\/{rel}","templated":true}]}}